{"id":1596,"date":"2024-02-13T18:14:43","date_gmt":"2024-02-13T18:14:43","guid":{"rendered":"https:\/\/audiocentre.ca\/projection\/"},"modified":"2024-08-24T08:04:16","modified_gmt":"2024-08-24T08:04:16","slug":"projection","status":"publish","type":"page","link":"https:\/\/audiocentre.ca\/fr\/projection\/","title":{"rendered":"Projection"},"content":{"rendered":"\t\t<div data-elementor-type=\"wp-page\" data-elementor-id=\"1596\" class=\"elementor elementor-1596 elementor-404\">\n\t\t\t\t\t\t<section class=\"elementor-section elementor-top-section elementor-element elementor-element-fc6a6cc elementor-section-boxed elementor-section-height-default elementor-section-height-default\" data-id=\"fc6a6cc\" data-element_type=\"section\" data-e-type=\"section\" data-settings=\"{&quot;background_background&quot;:&quot;classic&quot;}\">\n\t\t\t\t\t\t\t<div class=\"elementor-background-overlay\"><\/div>\n\t\t\t\t\t\t\t<div class=\"elementor-container elementor-column-gap-default\">\n\t\t\t\t\t<div class=\"elementor-column elementor-col-100 elementor-top-column elementor-element elementor-element-9bf3757\" data-id=\"9bf3757\" data-element_type=\"column\" data-e-type=\"column\">\n\t\t\t<div class=\"elementor-widget-wrap\">\n\t\t\t\t\t\t\t<\/div>\n\t\t<\/div>\n\t\t\t\t\t<\/div>\n\t\t<\/section>\n\t\t\t\t<section class=\"elementor-section elementor-top-section elementor-element elementor-element-1e97391 elementor-section-boxed elementor-section-height-default elementor-section-height-default\" data-id=\"1e97391\" data-element_type=\"section\" data-e-type=\"section\">\n\t\t\t\t\t\t<div class=\"elementor-container elementor-column-gap-default\">\n\t\t\t\t\t<div class=\"elementor-column elementor-col-100 elementor-top-column elementor-element elementor-element-1b080a4\" data-id=\"1b080a4\" data-element_type=\"column\" data-e-type=\"column\">\n\t\t\t<div class=\"elementor-widget-wrap elementor-element-populated\">\n\t\t\t\t\t\t<section class=\"elementor-section elementor-inner-section elementor-element elementor-element-1451fe2 elementor-reverse-tablet elementor-reverse-mobile elementor-section-boxed elementor-section-height-default elementor-section-height-default\" data-id=\"1451fe2\" data-element_type=\"section\" data-e-type=\"section\">\n\t\t\t\t\t\t<div class=\"elementor-container elementor-column-gap-default\">\n\t\t\t\t\t<div class=\"elementor-column elementor-col-50 elementor-inner-column elementor-element elementor-element-9f25552 elementor-invisible\" data-id=\"9f25552\" data-element_type=\"column\" data-e-type=\"column\" data-settings=\"{&quot;animation&quot;:&quot;fadeInLeft&quot;}\">\n\t\t\t<div class=\"elementor-widget-wrap elementor-element-populated\">\n\t\t\t\t\t\t<div class=\"elementor-element elementor-element-e4a9cad elementor-widget__width-inherit elementor-widget elementor-widget-heading\" data-id=\"e4a9cad\" data-element_type=\"widget\" data-e-type=\"widget\" data-widget_type=\"heading.default\">\n\t\t\t\t<div class=\"elementor-widget-container\">\n\t\t\t\t\t<h3 class=\"elementor-heading-title elementor-size-default\">Projection<\/h3>\t\t\t\t<\/div>\n\t\t\t\t<\/div>\n\t\t\t\t<div class=\"elementor-element elementor-element-87b219f elementor-widget__width-initial elementor-widget elementor-widget-heading\" data-id=\"87b219f\" data-element_type=\"widget\" data-e-type=\"widget\" data-widget_type=\"heading.default\">\n\t\t\t\t<div class=\"elementor-widget-container\">\n\t\t\t\t\t<h2 class=\"elementor-heading-title elementor-size-default\">QUAND SEULS LES PLUS GRANDS \u00c9CRANS FERONT L'AFFAIRE<\/h2>\t\t\t\t<\/div>\n\t\t\t\t<\/div>\n\t\t\t\t\t<\/div>\n\t\t<\/div>\n\t\t\t\t<div class=\"elementor-column elementor-col-50 elementor-inner-column elementor-element elementor-element-1ebc1cf elementor-invisible\" data-id=\"1ebc1cf\" data-element_type=\"column\" data-e-type=\"column\" data-settings=\"{&quot;animation&quot;:&quot;fadeInRight&quot;}\">\n\t\t\t<div class=\"elementor-widget-wrap elementor-element-populated\">\n\t\t\t\t\t\t<div class=\"elementor-element elementor-element-2427af7 elementor-widget elementor-widget-image\" data-id=\"2427af7\" data-element_type=\"widget\" data-e-type=\"widget\" data-widget_type=\"image.default\">\n\t\t\t\t<div class=\"elementor-widget-container\">\n\t\t\t\t\t\t\t\t\t\t\t\t\t\t\t<img fetchpriority=\"high\" decoding=\"async\" width=\"1024\" height=\"576\" src=\"https:\/\/audiocentre.ca\/wp-content\/uploads\/2024\/03\/Projection-Image-1024x576.jpg\" class=\"attachment-large size-large wp-image-1535\" alt=\"\" srcset=\"https:\/\/audiocentre.ca\/wp-content\/uploads\/2024\/03\/Projection-Image-1024x576.jpg 1024w, https:\/\/audiocentre.ca\/wp-content\/uploads\/2024\/03\/Projection-Image-300x169.jpg 300w, https:\/\/audiocentre.ca\/wp-content\/uploads\/2024\/03\/Projection-Image-768x432.jpg 768w, https:\/\/audiocentre.ca\/wp-content\/uploads\/2024\/03\/Projection-Image.jpg 1280w\" sizes=\"(max-width: 1024px) 100vw, 1024px\" \/>\t\t\t\t\t\t\t\t\t\t\t\t\t\t\t<\/div>\n\t\t\t\t<\/div>\n\t\t\t\t\t<\/div>\n\t\t<\/div>\n\t\t\t\t\t<\/div>\n\t\t<\/section>\n\t\t\t\t\t<\/div>\n\t\t<\/div>\n\t\t\t\t\t<\/div>\n\t\t<\/section>\n\t\t\t\t<section class=\"elementor-section elementor-top-section elementor-element elementor-element-983f5d7 elementor-section-boxed elementor-section-height-default elementor-section-height-default\" data-id=\"983f5d7\" data-element_type=\"section\" data-e-type=\"section\">\n\t\t\t\t\t\t<div class=\"elementor-container elementor-column-gap-default\">\n\t\t\t\t\t<div class=\"elementor-column elementor-col-100 elementor-top-column elementor-element elementor-element-72f5263\" data-id=\"72f5263\" data-element_type=\"column\" data-e-type=\"column\">\n\t\t\t<div class=\"elementor-widget-wrap elementor-element-populated\">\n\t\t\t\t\t\t<section class=\"elementor-section elementor-inner-section elementor-element elementor-element-a419e22 elementor-section-boxed elementor-section-height-default elementor-section-height-default\" data-id=\"a419e22\" data-element_type=\"section\" data-e-type=\"section\">\n\t\t\t\t\t\t<div class=\"elementor-container elementor-column-gap-default\">\n\t\t\t\t\t<div class=\"elementor-column elementor-col-50 elementor-inner-column elementor-element elementor-element-e695d25 for-icon-and-text elementor-invisible\" data-id=\"e695d25\" data-element_type=\"column\" data-e-type=\"column\" data-settings=\"{&quot;background_background&quot;:&quot;classic&quot;,&quot;animation&quot;:&quot;fadeInLeft&quot;}\">\n\t\t\t<div class=\"elementor-widget-wrap elementor-element-populated\">\n\t\t\t\t\t\t<div class=\"elementor-element elementor-element-b35fb3e icon-cus elementor-widget elementor-widget-image\" data-id=\"b35fb3e\" data-element_type=\"widget\" data-e-type=\"widget\" data-widget_type=\"image.default\">\n\t\t\t\t<div class=\"elementor-widget-container\">\n\t\t\t\t\t\t\t\t\t\t\t\t\t\t\t<img decoding=\"async\" width=\"85\" height=\"85\" src=\"https:\/\/audiocentre.ca\/wp-content\/uploads\/2024\/08\/green-icon.png\" class=\"attachment-large size-large wp-image-1933\" alt=\"\" \/>\t\t\t\t\t\t\t\t\t\t\t\t\t\t\t<\/div>\n\t\t\t\t<\/div>\n\t\t\t\t<div class=\"elementor-element elementor-element-a3ffc1e elementor-widget elementor-widget-heading\" data-id=\"a3ffc1e\" data-element_type=\"widget\" data-e-type=\"widget\" data-widget_type=\"heading.default\">\n\t\t\t\t<div class=\"elementor-widget-container\">\n\t\t\t\t\t<h2 class=\"elementor-heading-title elementor-size-default\">PR\u00c9CISION DE L'\u00c9CRAN ? &gt;&gt;<\/h2>\t\t\t\t<\/div>\n\t\t\t\t<\/div>\n\t\t\t\t<div class=\"elementor-element elementor-element-ef8bf7f text-cus elementor-widget elementor-widget-text-editor\" data-id=\"ef8bf7f\" data-element_type=\"widget\" data-e-type=\"widget\" data-widget_type=\"text-editor.default\">\n\t\t\t\t<div class=\"elementor-widget-container\">\n\t\t\t\t\t\t\t\t\tD\u00e9couvrez notre gamme de solutions de projection, des projecteurs standards aux projecteurs \u00e0 courte focale de Sony, JVC et Epson. Associez-les d\u00e9sormais \u00e0 l&rsquo;\u00e9cran id\u00e9al avec les \u00e9crans fixes, motoris\u00e9s et r\u00e9fl\u00e9chissants de la lumi\u00e8re ambiante de Grandview.\t\t\t\t\t\t\t\t<\/div>\n\t\t\t\t<\/div>\n\t\t\t\t\t<\/div>\n\t\t<\/div>\n\t\t\t\t<div class=\"elementor-column elementor-col-50 elementor-inner-column elementor-element elementor-element-cf2c2d0 for-icon-and-text elementor-invisible\" data-id=\"cf2c2d0\" data-element_type=\"column\" data-e-type=\"column\" data-settings=\"{&quot;background_background&quot;:&quot;classic&quot;,&quot;animation&quot;:&quot;fadeInRight&quot;}\">\n\t\t\t<div class=\"elementor-widget-wrap elementor-element-populated\">\n\t\t\t\t\t\t<div class=\"elementor-element elementor-element-eb93199 icon-cus elementor-widget elementor-widget-image\" data-id=\"eb93199\" data-element_type=\"widget\" data-e-type=\"widget\" data-widget_type=\"image.default\">\n\t\t\t\t<div class=\"elementor-widget-container\">\n\t\t\t\t\t\t\t\t\t\t\t\t\t\t\t<img decoding=\"async\" width=\"85\" height=\"85\" src=\"https:\/\/audiocentre.ca\/wp-content\/uploads\/2024\/08\/green-icon.png\" class=\"attachment-large size-large wp-image-1933\" alt=\"\" \/>\t\t\t\t\t\t\t\t\t\t\t\t\t\t\t<\/div>\n\t\t\t\t<\/div>\n\t\t\t\t<div class=\"elementor-element elementor-element-7f2196b elementor-widget elementor-widget-heading\" data-id=\"7f2196b\" data-element_type=\"widget\" data-e-type=\"widget\" data-widget_type=\"heading.default\">\n\t\t\t\t<div class=\"elementor-widget-container\">\n\t\t\t\t\t<h2 class=\"elementor-heading-title elementor-size-default\">CHAMBRE, BUDGET, EXPERTISE ? &gt;&gt;<\/h2>\t\t\t\t<\/div>\n\t\t\t\t<\/div>\n\t\t\t\t<div class=\"elementor-element elementor-element-15e5cd0 text-cus elementor-widget elementor-widget-text-editor\" data-id=\"15e5cd0\" data-element_type=\"widget\" data-e-type=\"widget\" data-widget_type=\"text-editor.default\">\n\t\t\t\t<div class=\"elementor-widget-container\">\n\t\t\t\t\t\t\t\t\tAm\u00e9liorez votre exp\u00e9rience d&rsquo;\u00e9coute avec la combinaison parfaite de composants de qualit\u00e9 et d&rsquo;une int\u00e9gration transparente.\t\t\t\t\t\t\t\t<\/div>\n\t\t\t\t<\/div>\n\t\t\t\t\t<\/div>\n\t\t<\/div>\n\t\t\t\t\t<\/div>\n\t\t<\/section>\n\t\t\t\t\t<\/div>\n\t\t<\/div>\n\t\t\t\t\t<\/div>\n\t\t<\/section>\n\t\t\t\t<section class=\"elementor-section elementor-top-section elementor-element elementor-element-4ffc63c elementor-section-height-min-height elementor-section-boxed elementor-section-height-default elementor-section-items-middle\" data-id=\"4ffc63c\" data-element_type=\"section\" data-e-type=\"section\" data-settings=\"{&quot;background_background&quot;:&quot;classic&quot;}\">\n\t\t\t\t\t\t<div class=\"elementor-container elementor-column-gap-default\">\n\t\t\t\t\t<div class=\"elementor-column elementor-col-100 elementor-top-column elementor-element elementor-element-f335b36\" data-id=\"f335b36\" data-element_type=\"column\" data-e-type=\"column\">\n\t\t\t<div class=\"elementor-widget-wrap\">\n\t\t\t\t\t\t\t<\/div>\n\t\t<\/div>\n\t\t\t\t\t<\/div>\n\t\t<\/section>\n\t\t\t\t<\/div>\n\t\t","protected":false},"excerpt":{"rendered":"<p>Projection QUAND SEULS LES PLUS GRANDS \u00c9CRANS FERONT L&rsquo;AFFAIRE PR\u00c9CISION DE L&rsquo;\u00c9CRAN ? >> D\u00e9couvrez notre gamme de solutions de projection, des projecteurs standards aux projecteurs \u00e0 courte focale de Sony, JVC et Epson. Associez-les d\u00e9sormais \u00e0 l&rsquo;\u00e9cran id\u00e9al avec les \u00e9crans fixes, motoris\u00e9s et r\u00e9fl\u00e9chissants de la lumi\u00e8re ambiante de Grandview. CHAMBRE, BUDGET, EXPERTISE [&hellip;]<\/p>\n","protected":false},"author":1,"featured_media":0,"parent":0,"menu_order":0,"comment_status":"closed","ping_status":"closed","template":"","meta":{"site-sidebar-layout":"no-sidebar","site-content-layout":"page-builder","ast-site-content-layout":"full-width-container","site-content-style":"default","site-sidebar-style":"default","ast-global-header-display":"","ast-banner-title-visibility":"","ast-main-header-display":"","ast-hfb-above-header-display":"","ast-hfb-below-header-display":"","ast-hfb-mobile-header-display":"","site-post-title":"disabled","ast-breadcrumbs-content":"","ast-featured-img":"disabled","footer-sml-layout":"","ast-disable-related-posts":"","theme-transparent-header-meta":"","adv-header-id-meta":"","stick-header-meta":"","header-above-stick-meta":"","header-main-stick-meta":"","header-below-stick-meta":"","astra-migrate-meta-layouts":"default","ast-page-background-enabled":"default","ast-page-background-meta":{"desktop":{"background-color":"var(--ast-global-color-4)","background-image":"","background-repeat":"repeat","background-position":"center center","background-size":"auto","background-attachment":"scroll","background-type":"","background-media":"","overlay-type":"","overlay-color":"","overlay-opacity":"","overlay-gradient":""},"tablet":{"background-color":"","background-image":"","background-repeat":"repeat","background-position":"center center","background-size":"auto","background-attachment":"scroll","background-type":"","background-media":"","overlay-type":"","overlay-color":"","overlay-opacity":"","overlay-gradient":""},"mobile":{"background-color":"","background-image":"","background-repeat":"repeat","background-position":"center center","background-size":"auto","background-attachment":"scroll","background-type":"","background-media":"","overlay-type":"","overlay-color":"","overlay-opacity":"","overlay-gradient":""}},"ast-content-background-meta":{"desktop":{"background-color":"var(--ast-global-color-5)","background-image":"","background-repeat":"repeat","background-position":"center center","background-size":"auto","background-attachment":"scroll","background-type":"","background-media":"","overlay-type":"","overlay-color":"","overlay-opacity":"","overlay-gradient":""},"tablet":{"background-color":"var(--ast-global-color-5)","background-image":"","background-repeat":"repeat","background-position":"center center","background-size":"auto","background-attachment":"scroll","background-type":"","background-media":"","overlay-type":"","overlay-color":"","overlay-opacity":"","overlay-gradient":""},"mobile":{"background-color":"var(--ast-global-color-5)","background-image":"","background-repeat":"repeat","background-position":"center center","background-size":"auto","background-attachment":"scroll","background-type":"","background-media":"","overlay-type":"","overlay-color":"","overlay-opacity":"","overlay-gradient":""}},"footnotes":""},"class_list":["post-1596","page","type-page","status-publish","hentry"],"yoast_head":"<!-- This site is optimized with the Yoast SEO plugin v27.4 - https:\/\/yoast.com\/product\/yoast-seo-wordpress\/ -->\n<title>Projection - Audiocentre<\/title>\n<meta name=\"robots\" content=\"index, follow, max-snippet:-1, max-image-preview:large, max-video-preview:-1\" \/>\n<link rel=\"canonical\" href=\"https:\/\/audiocentre.ca\/fr\/projection\/\" \/>\n<meta property=\"og:locale\" content=\"fr_FR\" \/>\n<meta property=\"og:type\" content=\"article\" \/>\n<meta property=\"og:title\" content=\"Projection - Audiocentre\" \/>\n<meta property=\"og:description\" content=\"Projection QUAND SEULS LES PLUS GRANDS \u00c9CRANS FERONT L&rsquo;AFFAIRE PR\u00c9CISION DE L&rsquo;\u00c9CRAN ? &gt;&gt; D\u00e9couvrez notre gamme de solutions de projection, des projecteurs standards aux projecteurs \u00e0 courte focale de Sony, JVC et Epson. Associez-les d\u00e9sormais \u00e0 l&rsquo;\u00e9cran id\u00e9al avec les \u00e9crans fixes, motoris\u00e9s et r\u00e9fl\u00e9chissants de la lumi\u00e8re ambiante de Grandview. CHAMBRE, BUDGET, EXPERTISE [&hellip;]\" \/>\n<meta property=\"og:url\" content=\"https:\/\/audiocentre.ca\/fr\/projection\/\" \/>\n<meta property=\"og:site_name\" content=\"Audiocentre\" \/>\n<meta property=\"article:modified_time\" content=\"2024-08-24T08:04:16+00:00\" \/>\n<meta property=\"og:image\" content=\"https:\/\/audiocentre.ca\/wp-content\/uploads\/2024\/03\/Projection-Image-1024x576.jpg\" \/>\n<meta name=\"twitter:card\" content=\"summary_large_image\" \/>\n<script type=\"application\/ld+json\" class=\"yoast-schema-graph\">{\"@context\":\"https:\\\/\\\/schema.org\",\"@graph\":[{\"@type\":\"WebPage\",\"@id\":\"https:\\\/\\\/audiocentre.ca\\\/fr\\\/projection\\\/\",\"url\":\"https:\\\/\\\/audiocentre.ca\\\/fr\\\/projection\\\/\",\"name\":\"Projection - Audiocentre\",\"isPartOf\":{\"@id\":\"https:\\\/\\\/audiocentre.ca\\\/fr\\\/#website\"},\"primaryImageOfPage\":{\"@id\":\"https:\\\/\\\/audiocentre.ca\\\/fr\\\/projection\\\/#primaryimage\"},\"image\":{\"@id\":\"https:\\\/\\\/audiocentre.ca\\\/fr\\\/projection\\\/#primaryimage\"},\"thumbnailUrl\":\"https:\\\/\\\/audiocentre.ca\\\/wp-content\\\/uploads\\\/2024\\\/03\\\/Projection-Image-1024x576.jpg\",\"datePublished\":\"2024-02-13T18:14:43+00:00\",\"dateModified\":\"2024-08-24T08:04:16+00:00\",\"breadcrumb\":{\"@id\":\"https:\\\/\\\/audiocentre.ca\\\/fr\\\/projection\\\/#breadcrumb\"},\"inLanguage\":\"fr-FR\",\"potentialAction\":[{\"@type\":\"ReadAction\",\"target\":[\"https:\\\/\\\/audiocentre.ca\\\/fr\\\/projection\\\/\"]}]},{\"@type\":\"ImageObject\",\"inLanguage\":\"fr-FR\",\"@id\":\"https:\\\/\\\/audiocentre.ca\\\/fr\\\/projection\\\/#primaryimage\",\"url\":\"https:\\\/\\\/audiocentre.ca\\\/wp-content\\\/uploads\\\/2024\\\/03\\\/Projection-Image-1024x576.jpg\",\"contentUrl\":\"https:\\\/\\\/audiocentre.ca\\\/wp-content\\\/uploads\\\/2024\\\/03\\\/Projection-Image-1024x576.jpg\"},{\"@type\":\"BreadcrumbList\",\"@id\":\"https:\\\/\\\/audiocentre.ca\\\/fr\\\/projection\\\/#breadcrumb\",\"itemListElement\":[{\"@type\":\"ListItem\",\"position\":1,\"name\":\"Home\",\"item\":\"https:\\\/\\\/audiocentre.ca\\\/fr\\\/\"},{\"@type\":\"ListItem\",\"position\":2,\"name\":\"Projection\"}]},{\"@type\":\"WebSite\",\"@id\":\"https:\\\/\\\/audiocentre.ca\\\/fr\\\/#website\",\"url\":\"https:\\\/\\\/audiocentre.ca\\\/fr\\\/\",\"name\":\"Audiocentre\",\"description\":\"\",\"publisher\":{\"@id\":\"https:\\\/\\\/audiocentre.ca\\\/fr\\\/#organization\"},\"potentialAction\":[{\"@type\":\"SearchAction\",\"target\":{\"@type\":\"EntryPoint\",\"urlTemplate\":\"https:\\\/\\\/audiocentre.ca\\\/fr\\\/?s={search_term_string}\"},\"query-input\":{\"@type\":\"PropertyValueSpecification\",\"valueRequired\":true,\"valueName\":\"search_term_string\"}}],\"inLanguage\":\"fr-FR\"},{\"@type\":\"Organization\",\"@id\":\"https:\\\/\\\/audiocentre.ca\\\/fr\\\/#organization\",\"name\":\"Audiocentre\",\"url\":\"https:\\\/\\\/audiocentre.ca\\\/fr\\\/\",\"logo\":{\"@type\":\"ImageObject\",\"inLanguage\":\"fr-FR\",\"@id\":\"https:\\\/\\\/audiocentre.ca\\\/fr\\\/#\\\/schema\\\/logo\\\/image\\\/\",\"url\":\"https:\\\/\\\/audiocentre.ca\\\/wp-content\\\/uploads\\\/2024\\\/02\\\/Footer-Logo.png\",\"contentUrl\":\"https:\\\/\\\/audiocentre.ca\\\/wp-content\\\/uploads\\\/2024\\\/02\\\/Footer-Logo.png\",\"width\":360,\"height\":80,\"caption\":\"Audiocentre\"},\"image\":{\"@id\":\"https:\\\/\\\/audiocentre.ca\\\/fr\\\/#\\\/schema\\\/logo\\\/image\\\/\"}}]}<\/script>\n<!-- \/ Yoast SEO plugin. -->","yoast_head_json":{"title":"Projection - Audiocentre","robots":{"index":"index","follow":"follow","max-snippet":"max-snippet:-1","max-image-preview":"max-image-preview:large","max-video-preview":"max-video-preview:-1"},"canonical":"https:\/\/audiocentre.ca\/fr\/projection\/","og_locale":"fr_FR","og_type":"article","og_title":"Projection - Audiocentre","og_description":"Projection QUAND SEULS LES PLUS GRANDS \u00c9CRANS FERONT L&rsquo;AFFAIRE PR\u00c9CISION DE L&rsquo;\u00c9CRAN ? >> D\u00e9couvrez notre gamme de solutions de projection, des projecteurs standards aux projecteurs \u00e0 courte focale de Sony, JVC et Epson. Associez-les d\u00e9sormais \u00e0 l&rsquo;\u00e9cran id\u00e9al avec les \u00e9crans fixes, motoris\u00e9s et r\u00e9fl\u00e9chissants de la lumi\u00e8re ambiante de Grandview. CHAMBRE, BUDGET, EXPERTISE [&hellip;]","og_url":"https:\/\/audiocentre.ca\/fr\/projection\/","og_site_name":"Audiocentre","article_modified_time":"2024-08-24T08:04:16+00:00","og_image":[{"url":"https:\/\/audiocentre.ca\/wp-content\/uploads\/2024\/03\/Projection-Image-1024x576.jpg","type":"","width":"","height":""}],"twitter_card":"summary_large_image","schema":{"@context":"https:\/\/schema.org","@graph":[{"@type":"WebPage","@id":"https:\/\/audiocentre.ca\/fr\/projection\/","url":"https:\/\/audiocentre.ca\/fr\/projection\/","name":"Projection - Audiocentre","isPartOf":{"@id":"https:\/\/audiocentre.ca\/fr\/#website"},"primaryImageOfPage":{"@id":"https:\/\/audiocentre.ca\/fr\/projection\/#primaryimage"},"image":{"@id":"https:\/\/audiocentre.ca\/fr\/projection\/#primaryimage"},"thumbnailUrl":"https:\/\/audiocentre.ca\/wp-content\/uploads\/2024\/03\/Projection-Image-1024x576.jpg","datePublished":"2024-02-13T18:14:43+00:00","dateModified":"2024-08-24T08:04:16+00:00","breadcrumb":{"@id":"https:\/\/audiocentre.ca\/fr\/projection\/#breadcrumb"},"inLanguage":"fr-FR","potentialAction":[{"@type":"ReadAction","target":["https:\/\/audiocentre.ca\/fr\/projection\/"]}]},{"@type":"ImageObject","inLanguage":"fr-FR","@id":"https:\/\/audiocentre.ca\/fr\/projection\/#primaryimage","url":"https:\/\/audiocentre.ca\/wp-content\/uploads\/2024\/03\/Projection-Image-1024x576.jpg","contentUrl":"https:\/\/audiocentre.ca\/wp-content\/uploads\/2024\/03\/Projection-Image-1024x576.jpg"},{"@type":"BreadcrumbList","@id":"https:\/\/audiocentre.ca\/fr\/projection\/#breadcrumb","itemListElement":[{"@type":"ListItem","position":1,"name":"Home","item":"https:\/\/audiocentre.ca\/fr\/"},{"@type":"ListItem","position":2,"name":"Projection"}]},{"@type":"WebSite","@id":"https:\/\/audiocentre.ca\/fr\/#website","url":"https:\/\/audiocentre.ca\/fr\/","name":"Audiocentre","description":"","publisher":{"@id":"https:\/\/audiocentre.ca\/fr\/#organization"},"potentialAction":[{"@type":"SearchAction","target":{"@type":"EntryPoint","urlTemplate":"https:\/\/audiocentre.ca\/fr\/?s={search_term_string}"},"query-input":{"@type":"PropertyValueSpecification","valueRequired":true,"valueName":"search_term_string"}}],"inLanguage":"fr-FR"},{"@type":"Organization","@id":"https:\/\/audiocentre.ca\/fr\/#organization","name":"Audiocentre","url":"https:\/\/audiocentre.ca\/fr\/","logo":{"@type":"ImageObject","inLanguage":"fr-FR","@id":"https:\/\/audiocentre.ca\/fr\/#\/schema\/logo\/image\/","url":"https:\/\/audiocentre.ca\/wp-content\/uploads\/2024\/02\/Footer-Logo.png","contentUrl":"https:\/\/audiocentre.ca\/wp-content\/uploads\/2024\/02\/Footer-Logo.png","width":360,"height":80,"caption":"Audiocentre"},"image":{"@id":"https:\/\/audiocentre.ca\/fr\/#\/schema\/logo\/image\/"}}]}},"_links":{"self":[{"href":"https:\/\/audiocentre.ca\/fr\/wp-json\/wp\/v2\/pages\/1596","targetHints":{"allow":["GET"]}}],"collection":[{"href":"https:\/\/audiocentre.ca\/fr\/wp-json\/wp\/v2\/pages"}],"about":[{"href":"https:\/\/audiocentre.ca\/fr\/wp-json\/wp\/v2\/types\/page"}],"author":[{"embeddable":true,"href":"https:\/\/audiocentre.ca\/fr\/wp-json\/wp\/v2\/users\/1"}],"replies":[{"embeddable":true,"href":"https:\/\/audiocentre.ca\/fr\/wp-json\/wp\/v2\/comments?post=1596"}],"version-history":[{"count":10,"href":"https:\/\/audiocentre.ca\/fr\/wp-json\/wp\/v2\/pages\/1596\/revisions"}],"predecessor-version":[{"id":1958,"href":"https:\/\/audiocentre.ca\/fr\/wp-json\/wp\/v2\/pages\/1596\/revisions\/1958"}],"wp:attachment":[{"href":"https:\/\/audiocentre.ca\/fr\/wp-json\/wp\/v2\/media?parent=1596"}],"curies":[{"name":"wp","href":"https:\/\/api.w.org\/{rel}","templated":true}]}}