{"id":1569,"date":"2024-02-13T18:19:15","date_gmt":"2024-02-13T18:19:15","guid":{"rendered":"https:\/\/audiocentre.ca\/haut-parleurs-airplay\/"},"modified":"2024-08-24T05:03:23","modified_gmt":"2024-08-24T05:03:23","slug":"haut-parleurs-airplay","status":"publish","type":"page","link":"https:\/\/audiocentre.ca\/fr\/haut-parleurs-airplay\/","title":{"rendered":"Haut-parleurs Airplay"},"content":{"rendered":"\t\t<div data-elementor-type=\"wp-page\" data-elementor-id=\"1569\" class=\"elementor elementor-1569 elementor-411\">\n\t\t\t\t\t\t<section class=\"elementor-section elementor-top-section elementor-element elementor-element-d84cd15 elementor-section-boxed elementor-section-height-default elementor-section-height-default\" data-id=\"d84cd15\" data-element_type=\"section\" data-e-type=\"section\" data-settings=\"{&quot;background_background&quot;:&quot;classic&quot;}\">\n\t\t\t\t\t\t\t<div class=\"elementor-background-overlay\"><\/div>\n\t\t\t\t\t\t\t<div class=\"elementor-container elementor-column-gap-default\">\n\t\t\t\t\t<div class=\"elementor-column elementor-col-100 elementor-top-column elementor-element elementor-element-5f0ef80\" data-id=\"5f0ef80\" data-element_type=\"column\" data-e-type=\"column\">\n\t\t\t<div class=\"elementor-widget-wrap elementor-element-populated\">\n\t\t\t\t\t\t<div class=\"elementor-element elementor-element-17ed2a3 text-center elementor-widget elementor-widget-tp-heading-title\" data-id=\"17ed2a3\" data-element_type=\"widget\" data-e-type=\"widget\" data-widget_type=\"tp-heading-title.default\">\n\t\t\t\t<div class=\"elementor-widget-container\">\n\t\t\t\t\t<div class=\"heading heading_style heading_style69dec825bf074 style-1 \" ><div class=\"sub-style \"  ><div class=\"head-title \" > <h1  class=\"heading-title   \"   data-hover=\"ENCEINTES AIRPLAY\">ENCEINTES AIRPLAY<span class=\"title-s \">  <\/span><\/h1><\/div><\/div><\/div>\t\t\t\t<\/div>\n\t\t\t\t<\/div>\n\t\t\t\t\t<\/div>\n\t\t<\/div>\n\t\t\t\t\t<\/div>\n\t\t<\/section>\n\t\t\t\t<section class=\"elementor-section elementor-top-section elementor-element elementor-element-889d026 elementor-section-boxed elementor-section-height-default elementor-section-height-default\" data-id=\"889d026\" data-element_type=\"section\" data-e-type=\"section\" data-settings=\"{&quot;background_background&quot;:&quot;classic&quot;}\">\n\t\t\t\t\t\t<div class=\"elementor-container elementor-column-gap-default\">\n\t\t\t\t\t<div class=\"elementor-column elementor-col-50 elementor-top-column elementor-element elementor-element-3f20248\" data-id=\"3f20248\" data-element_type=\"column\" data-e-type=\"column\">\n\t\t\t<div class=\"elementor-widget-wrap elementor-element-populated\">\n\t\t\t\t\t\t<div class=\"elementor-element elementor-element-ce99f14 elementor-invisible elementor-widget elementor-widget-heading\" data-id=\"ce99f14\" data-element_type=\"widget\" data-e-type=\"widget\" data-settings=\"{&quot;_animation&quot;:&quot;fadeInUp&quot;}\" data-widget_type=\"heading.default\">\n\t\t\t\t<div class=\"elementor-widget-container\">\n\t\t\t\t\t<h2 class=\"elementor-heading-title elementor-size-default\">STREAMING DE MUSIQUE SANS EFFORT<\/h2>\t\t\t\t<\/div>\n\t\t\t\t<\/div>\n\t\t\t\t<div class=\"elementor-element elementor-element-637c3a3 elementor-widget__width-initial elementor-widget-mobile__width-inherit elementor-widget elementor-widget-text-editor\" data-id=\"637c3a3\" data-element_type=\"widget\" data-e-type=\"widget\" data-widget_type=\"text-editor.default\">\n\t\t\t\t<div class=\"elementor-widget-container\">\n\t\t\t\t\t\t\t\t\tAirplay est devenu l\u2019un des moyens les plus simples de connecter votre musique pr\u00e9f\u00e9r\u00e9e \u00e0 votre syst\u00e8me musical.\t\t\t\t\t\t\t\t<\/div>\n\t\t\t\t<\/div>\n\t\t\t\t<section class=\"elementor-section elementor-inner-section elementor-element elementor-element-c046aa7 elementor-section-boxed elementor-section-height-default elementor-section-height-default\" data-id=\"c046aa7\" data-element_type=\"section\" data-e-type=\"section\" data-settings=\"{&quot;background_background&quot;:&quot;classic&quot;}\">\n\t\t\t\t\t\t\t<div class=\"elementor-background-overlay\"><\/div>\n\t\t\t\t\t\t\t<div class=\"elementor-container elementor-column-gap-default\">\n\t\t\t\t\t<div class=\"elementor-column elementor-col-100 elementor-inner-column elementor-element elementor-element-51a14fa\" data-id=\"51a14fa\" data-element_type=\"column\" data-e-type=\"column\">\n\t\t\t<div class=\"elementor-widget-wrap elementor-element-populated\">\n\t\t\t\t\t\t<div class=\"elementor-element elementor-element-39898b0 elementor-widget elementor-widget-spacer\" data-id=\"39898b0\" data-element_type=\"widget\" data-e-type=\"widget\" data-widget_type=\"spacer.default\">\n\t\t\t\t<div class=\"elementor-widget-container\">\n\t\t\t\t\t\t\t<div class=\"elementor-spacer\">\n\t\t\t<div class=\"elementor-spacer-inner\"><\/div>\n\t\t<\/div>\n\t\t\t\t\t\t<\/div>\n\t\t\t\t<\/div>\n\t\t\t\t<div class=\"elementor-element elementor-element-b94f833 elementor-widget__width-initial elementor-widget-mobile__width-inherit elementor-widget elementor-widget-text-editor\" data-id=\"b94f833\" data-element_type=\"widget\" data-e-type=\"widget\" data-widget_type=\"text-editor.default\">\n\t\t\t\t<div class=\"elementor-widget-container\">\n\t\t\t\t\t\t\t\t\tAvec une large prise en charge de nos applications de streaming musical telles qu&rsquo;Apple Music, Spotify et Tidal, la connexion \u00e0 votre haut-parleur n&rsquo;a jamais \u00e9t\u00e9 aussi simple.\t\t\t\t\t\t\t\t<\/div>\n\t\t\t\t<\/div>\n\t\t\t\t\t<\/div>\n\t\t<\/div>\n\t\t\t\t\t<\/div>\n\t\t<\/section>\n\t\t\t\t\t<\/div>\n\t\t<\/div>\n\t\t\t\t<div class=\"elementor-column elementor-col-50 elementor-top-column elementor-element elementor-element-6a8c69d\" data-id=\"6a8c69d\" data-element_type=\"column\" data-e-type=\"column\">\n\t\t\t<div class=\"elementor-widget-wrap elementor-element-populated\">\n\t\t\t\t\t\t<section class=\"elementor-section elementor-inner-section elementor-element elementor-element-26a9a51 elementor-section-boxed elementor-section-height-default elementor-section-height-default\" data-id=\"26a9a51\" data-element_type=\"section\" data-e-type=\"section\" data-settings=\"{&quot;background_background&quot;:&quot;classic&quot;}\">\n\t\t\t\t\t\t\t<div class=\"elementor-background-overlay\"><\/div>\n\t\t\t\t\t\t\t<div class=\"elementor-container elementor-column-gap-default\">\n\t\t\t\t\t<div class=\"elementor-column elementor-col-100 elementor-inner-column elementor-element elementor-element-543f8e6\" data-id=\"543f8e6\" data-element_type=\"column\" data-e-type=\"column\">\n\t\t\t<div class=\"elementor-widget-wrap elementor-element-populated\">\n\t\t\t\t\t\t<div class=\"elementor-element elementor-element-83f06cb elementor-widget elementor-widget-spacer\" data-id=\"83f06cb\" data-element_type=\"widget\" data-e-type=\"widget\" data-widget_type=\"spacer.default\">\n\t\t\t\t<div class=\"elementor-widget-container\">\n\t\t\t\t\t\t\t<div class=\"elementor-spacer\">\n\t\t\t<div class=\"elementor-spacer-inner\"><\/div>\n\t\t<\/div>\n\t\t\t\t\t\t<\/div>\n\t\t\t\t<\/div>\n\t\t\t\t<div class=\"elementor-element elementor-element-022cf74 elementor-widget__width-initial elementor-widget-mobile__width-inherit elementor-widget elementor-widget-text-editor\" data-id=\"022cf74\" data-element_type=\"widget\" data-e-type=\"widget\" data-widget_type=\"text-editor.default\">\n\t\t\t\t<div class=\"elementor-widget-container\">\n\t\t\t\t\t\t\t\t\tB&#038;O propose une large gamme d&rsquo;enceintes \u00e9l\u00e9gantes qui s&rsquo;int\u00e9greront dans votre d\u00e9cor et rempliront votre pi\u00e8ce d&rsquo;un son exceptionnel.\t\t\t\t\t\t\t\t<\/div>\n\t\t\t\t<\/div>\n\t\t\t\t\t<\/div>\n\t\t<\/div>\n\t\t\t\t\t<\/div>\n\t\t<\/section>\n\t\t\t\t\t<\/div>\n\t\t<\/div>\n\t\t\t\t\t<\/div>\n\t\t<\/section>\n\t\t\t\t<section class=\"elementor-section elementor-top-section elementor-element elementor-element-b0d5449 elementor-section-boxed elementor-section-height-default elementor-section-height-default\" data-id=\"b0d5449\" data-element_type=\"section\" data-e-type=\"section\" data-settings=\"{&quot;background_background&quot;:&quot;classic&quot;}\">\n\t\t\t\t\t\t\t<div class=\"elementor-background-overlay\"><\/div>\n\t\t\t\t\t\t\t<div class=\"elementor-container elementor-column-gap-default\">\n\t\t\t\t\t<div class=\"elementor-column elementor-col-50 elementor-top-column elementor-element elementor-element-784659d\" data-id=\"784659d\" data-element_type=\"column\" data-e-type=\"column\">\n\t\t\t<div class=\"elementor-widget-wrap\">\n\t\t\t\t\t\t\t<\/div>\n\t\t<\/div>\n\t\t\t\t<div class=\"elementor-column elementor-col-50 elementor-top-column elementor-element elementor-element-6213d0d\" data-id=\"6213d0d\" data-element_type=\"column\" data-e-type=\"column\" data-settings=\"{&quot;background_background&quot;:&quot;classic&quot;}\">\n\t\t\t<div class=\"elementor-widget-wrap elementor-element-populated\">\n\t\t\t\t\t\t<div class=\"elementor-element elementor-element-a098ee4 elementor-widget__width-inherit elementor-widget elementor-widget-heading\" data-id=\"a098ee4\" data-element_type=\"widget\" data-e-type=\"widget\" data-widget_type=\"heading.default\">\n\t\t\t\t<div class=\"elementor-widget-container\">\n\t\t\t\t\t<h3 class=\"elementor-heading-title elementor-size-default\">S\u00e9lection audio immersive<\/h3>\t\t\t\t<\/div>\n\t\t\t\t<\/div>\n\t\t\t\t<div class=\"elementor-element elementor-element-15e6a59 elementor-widget__width-inherit elementor-widget elementor-widget-text-editor\" data-id=\"15e6a59\" data-element_type=\"widget\" data-e-type=\"widget\" data-widget_type=\"text-editor.default\">\n\t\t\t\t<div class=\"elementor-widget-container\">\n\t\t\t\t\t\t\t\t\tSonos et Bluesound proposent une large gamme d&rsquo;enceintes compatibles Airplay parmi lesquelles choisir. Plongez dans la qualit\u00e9 Dolby ATMOS avec le Sonos ERA 300 ou diffusez du contenu Tidal en haute r\u00e9solution sur votre Bluesound. Il n&rsquo;a jamais \u00e9t\u00e9 aussi simple de profiter de votre musique pr\u00e9f\u00e9r\u00e9e sans compromis.\t\t\t\t\t\t\t\t<\/div>\n\t\t\t\t<\/div>\n\t\t\t\t<div class=\"elementor-element elementor-element-ba09db3 elementor-widget__width-inherit elementor-widget elementor-widget-text-editor\" data-id=\"ba09db3\" data-element_type=\"widget\" data-e-type=\"widget\" data-widget_type=\"text-editor.default\">\n\t\t\t\t<div class=\"elementor-widget-container\">\n\t\t\t\t\t\t\t\t\tNos enceintes Airplay autonomes ont juste besoin d&rsquo;alimentation et d&rsquo;un r\u00e9seau Wi-Fi pour vous permettre de d\u00e9marrer avec des solutions adapt\u00e9es \u00e0 tous les budgets.\t\t\t\t\t\t\t\t<\/div>\n\t\t\t\t<\/div>\n\t\t\t\t<div class=\"elementor-element elementor-element-7055cd9 elementor-tablet-align-center elementor-mobile-align-start elementor-icon-list--layout-traditional elementor-list-item-link-full_width elementor-widget elementor-widget-icon-list\" data-id=\"7055cd9\" data-element_type=\"widget\" data-e-type=\"widget\" data-widget_type=\"icon-list.default\">\n\t\t\t\t<div class=\"elementor-widget-container\">\n\t\t\t\t\t\t\t<ul class=\"elementor-icon-list-items\">\n\t\t\t\t\t\t\t<li class=\"elementor-icon-list-item\">\n\t\t\t\t\t\t\t\t\t\t\t<span class=\"elementor-icon-list-icon\">\n\t\t\t\t\t\t\t<svg aria-hidden=\"true\" class=\"e-font-icon-svg e-fas-check-circle\" viewBox=\"0 0 512 512\" xmlns=\"http:\/\/www.w3.org\/2000\/svg\"><path d=\"M504 256c0 136.967-111.033 248-248 248S8 392.967 8 256 119.033 8 256 8s248 111.033 248 248zM227.314 387.314l184-184c6.248-6.248 6.248-16.379 0-22.627l-22.627-22.627c-6.248-6.249-16.379-6.249-22.628 0L216 308.118l-70.059-70.059c-6.248-6.248-16.379-6.248-22.628 0l-22.627 22.627c-6.248 6.248-6.248 16.379 0 22.627l104 104c6.249 6.249 16.379 6.249 22.628.001z\"><\/path><\/svg>\t\t\t\t\t\t<\/span>\n\t\t\t\t\t\t\t\t\t\t<span class=\"elementor-icon-list-text\">Il n\u2019a jamais \u00e9t\u00e9 aussi simple d\u2019\u00e9couter votre musique pr\u00e9f\u00e9r\u00e9e en streaming.<\/span>\n\t\t\t\t\t\t\t\t\t<\/li>\n\t\t\t\t\t\t\t\t<li class=\"elementor-icon-list-item\">\n\t\t\t\t\t\t\t\t\t\t\t<span class=\"elementor-icon-list-icon\">\n\t\t\t\t\t\t\t<svg aria-hidden=\"true\" class=\"e-font-icon-svg e-fas-check-circle\" viewBox=\"0 0 512 512\" xmlns=\"http:\/\/www.w3.org\/2000\/svg\"><path d=\"M504 256c0 136.967-111.033 248-248 248S8 392.967 8 256 119.033 8 256 8s248 111.033 248 248zM227.314 387.314l184-184c6.248-6.248 6.248-16.379 0-22.627l-22.627-22.627c-6.248-6.249-16.379-6.249-22.628 0L216 308.118l-70.059-70.059c-6.248-6.248-16.379-6.248-22.628 0l-22.627 22.627c-6.248 6.248-6.248 16.379 0 22.627l104 104c6.249 6.249 16.379 6.249 22.628.001z\"><\/path><\/svg>\t\t\t\t\t\t<\/span>\n\t\t\t\t\t\t\t\t\t\t<span class=\"elementor-icon-list-text\">Venez entendre ce que vous avez manqu\u00e9 Chez Audio Centre Ouest vous entendrez tout ce que vous avez pu manquer !<\/span>\n\t\t\t\t\t\t\t\t\t<\/li>\n\t\t\t\t\t\t<\/ul>\n\t\t\t\t\t\t<\/div>\n\t\t\t\t<\/div>\n\t\t\t\t\t<\/div>\n\t\t<\/div>\n\t\t\t\t\t<\/div>\n\t\t<\/section>\n\t\t\t\t<\/div>\n\t\t","protected":false},"excerpt":{"rendered":"<p>ENCEINTES AIRPLAY STREAMING DE MUSIQUE SANS EFFORT Airplay est devenu l\u2019un des moyens les plus simples de connecter votre musique pr\u00e9f\u00e9r\u00e9e \u00e0 votre syst\u00e8me musical. Avec une large prise en charge de nos applications de streaming musical telles qu&rsquo;Apple Music, Spotify et Tidal, la connexion \u00e0 votre haut-parleur n&rsquo;a jamais \u00e9t\u00e9 aussi simple. B&#038;O propose [&hellip;]<\/p>\n","protected":false},"author":1,"featured_media":0,"parent":0,"menu_order":0,"comment_status":"closed","ping_status":"closed","template":"","meta":{"site-sidebar-layout":"no-sidebar","site-content-layout":"page-builder","ast-site-content-layout":"full-width-container","site-content-style":"default","site-sidebar-style":"default","ast-global-header-display":"","ast-banner-title-visibility":"","ast-main-header-display":"","ast-hfb-above-header-display":"","ast-hfb-below-header-display":"","ast-hfb-mobile-header-display":"","site-post-title":"disabled","ast-breadcrumbs-content":"","ast-featured-img":"disabled","footer-sml-layout":"","ast-disable-related-posts":"","theme-transparent-header-meta":"","adv-header-id-meta":"","stick-header-meta":"","header-above-stick-meta":"","header-main-stick-meta":"","header-below-stick-meta":"","astra-migrate-meta-layouts":"default","ast-page-background-enabled":"default","ast-page-background-meta":{"desktop":{"background-color":"var(--ast-global-color-4)","background-image":"","background-repeat":"repeat","background-position":"center center","background-size":"auto","background-attachment":"scroll","background-type":"","background-media":"","overlay-type":"","overlay-color":"","overlay-opacity":"","overlay-gradient":""},"tablet":{"background-color":"","background-image":"","background-repeat":"repeat","background-position":"center center","background-size":"auto","background-attachment":"scroll","background-type":"","background-media":"","overlay-type":"","overlay-color":"","overlay-opacity":"","overlay-gradient":""},"mobile":{"background-color":"","background-image":"","background-repeat":"repeat","background-position":"center center","background-size":"auto","background-attachment":"scroll","background-type":"","background-media":"","overlay-type":"","overlay-color":"","overlay-opacity":"","overlay-gradient":""}},"ast-content-background-meta":{"desktop":{"background-color":"var(--ast-global-color-5)","background-image":"","background-repeat":"repeat","background-position":"center center","background-size":"auto","background-attachment":"scroll","background-type":"","background-media":"","overlay-type":"","overlay-color":"","overlay-opacity":"","overlay-gradient":""},"tablet":{"background-color":"var(--ast-global-color-5)","background-image":"","background-repeat":"repeat","background-position":"center center","background-size":"auto","background-attachment":"scroll","background-type":"","background-media":"","overlay-type":"","overlay-color":"","overlay-opacity":"","overlay-gradient":""},"mobile":{"background-color":"var(--ast-global-color-5)","background-image":"","background-repeat":"repeat","background-position":"center center","background-size":"auto","background-attachment":"scroll","background-type":"","background-media":"","overlay-type":"","overlay-color":"","overlay-opacity":"","overlay-gradient":""}},"footnotes":""},"class_list":["post-1569","page","type-page","status-publish","hentry"],"yoast_head":"<!-- This site is optimized with the Yoast SEO plugin v27.4 - https:\/\/yoast.com\/product\/yoast-seo-wordpress\/ -->\n<title>Haut-parleurs Airplay - Audiocentre<\/title>\n<meta name=\"robots\" content=\"index, follow, max-snippet:-1, max-image-preview:large, max-video-preview:-1\" \/>\n<link rel=\"canonical\" href=\"https:\/\/audiocentre.ca\/fr\/haut-parleurs-airplay\/\" \/>\n<meta property=\"og:locale\" content=\"fr_FR\" \/>\n<meta property=\"og:type\" content=\"article\" \/>\n<meta property=\"og:title\" content=\"Haut-parleurs Airplay - Audiocentre\" \/>\n<meta property=\"og:description\" content=\"ENCEINTES AIRPLAY STREAMING DE MUSIQUE SANS EFFORT Airplay est devenu l\u2019un des moyens les plus simples de connecter votre musique pr\u00e9f\u00e9r\u00e9e \u00e0 votre syst\u00e8me musical. Avec une large prise en charge de nos applications de streaming musical telles qu&rsquo;Apple Music, Spotify et Tidal, la connexion \u00e0 votre haut-parleur n&rsquo;a jamais \u00e9t\u00e9 aussi simple. B&#038;O propose [&hellip;]\" \/>\n<meta property=\"og:url\" content=\"https:\/\/audiocentre.ca\/fr\/haut-parleurs-airplay\/\" \/>\n<meta property=\"og:site_name\" content=\"Audiocentre\" \/>\n<meta property=\"article:modified_time\" content=\"2024-08-24T05:03:23+00:00\" \/>\n<meta name=\"twitter:card\" content=\"summary_large_image\" \/>\n<meta name=\"twitter:label1\" content=\"Dur\u00e9e de lecture estim\u00e9e\" \/>\n\t<meta name=\"twitter:data1\" content=\"1 minute\" \/>\n<script type=\"application\/ld+json\" class=\"yoast-schema-graph\">{\"@context\":\"https:\\\/\\\/schema.org\",\"@graph\":[{\"@type\":\"WebPage\",\"@id\":\"https:\\\/\\\/audiocentre.ca\\\/fr\\\/haut-parleurs-airplay\\\/\",\"url\":\"https:\\\/\\\/audiocentre.ca\\\/fr\\\/haut-parleurs-airplay\\\/\",\"name\":\"Haut-parleurs Airplay - Audiocentre\",\"isPartOf\":{\"@id\":\"https:\\\/\\\/audiocentre.ca\\\/fr\\\/#website\"},\"datePublished\":\"2024-02-13T18:19:15+00:00\",\"dateModified\":\"2024-08-24T05:03:23+00:00\",\"breadcrumb\":{\"@id\":\"https:\\\/\\\/audiocentre.ca\\\/fr\\\/haut-parleurs-airplay\\\/#breadcrumb\"},\"inLanguage\":\"fr-FR\",\"potentialAction\":[{\"@type\":\"ReadAction\",\"target\":[\"https:\\\/\\\/audiocentre.ca\\\/fr\\\/haut-parleurs-airplay\\\/\"]}]},{\"@type\":\"BreadcrumbList\",\"@id\":\"https:\\\/\\\/audiocentre.ca\\\/fr\\\/haut-parleurs-airplay\\\/#breadcrumb\",\"itemListElement\":[{\"@type\":\"ListItem\",\"position\":1,\"name\":\"Home\",\"item\":\"https:\\\/\\\/audiocentre.ca\\\/fr\\\/\"},{\"@type\":\"ListItem\",\"position\":2,\"name\":\"Haut-parleurs Airplay\"}]},{\"@type\":\"WebSite\",\"@id\":\"https:\\\/\\\/audiocentre.ca\\\/fr\\\/#website\",\"url\":\"https:\\\/\\\/audiocentre.ca\\\/fr\\\/\",\"name\":\"Audiocentre\",\"description\":\"\",\"publisher\":{\"@id\":\"https:\\\/\\\/audiocentre.ca\\\/fr\\\/#organization\"},\"potentialAction\":[{\"@type\":\"SearchAction\",\"target\":{\"@type\":\"EntryPoint\",\"urlTemplate\":\"https:\\\/\\\/audiocentre.ca\\\/fr\\\/?s={search_term_string}\"},\"query-input\":{\"@type\":\"PropertyValueSpecification\",\"valueRequired\":true,\"valueName\":\"search_term_string\"}}],\"inLanguage\":\"fr-FR\"},{\"@type\":\"Organization\",\"@id\":\"https:\\\/\\\/audiocentre.ca\\\/fr\\\/#organization\",\"name\":\"Audiocentre\",\"url\":\"https:\\\/\\\/audiocentre.ca\\\/fr\\\/\",\"logo\":{\"@type\":\"ImageObject\",\"inLanguage\":\"fr-FR\",\"@id\":\"https:\\\/\\\/audiocentre.ca\\\/fr\\\/#\\\/schema\\\/logo\\\/image\\\/\",\"url\":\"https:\\\/\\\/audiocentre.ca\\\/wp-content\\\/uploads\\\/2024\\\/02\\\/Footer-Logo.png\",\"contentUrl\":\"https:\\\/\\\/audiocentre.ca\\\/wp-content\\\/uploads\\\/2024\\\/02\\\/Footer-Logo.png\",\"width\":360,\"height\":80,\"caption\":\"Audiocentre\"},\"image\":{\"@id\":\"https:\\\/\\\/audiocentre.ca\\\/fr\\\/#\\\/schema\\\/logo\\\/image\\\/\"}}]}<\/script>\n<!-- \/ Yoast SEO plugin. -->","yoast_head_json":{"title":"Haut-parleurs Airplay - Audiocentre","robots":{"index":"index","follow":"follow","max-snippet":"max-snippet:-1","max-image-preview":"max-image-preview:large","max-video-preview":"max-video-preview:-1"},"canonical":"https:\/\/audiocentre.ca\/fr\/haut-parleurs-airplay\/","og_locale":"fr_FR","og_type":"article","og_title":"Haut-parleurs Airplay - Audiocentre","og_description":"ENCEINTES AIRPLAY STREAMING DE MUSIQUE SANS EFFORT Airplay est devenu l\u2019un des moyens les plus simples de connecter votre musique pr\u00e9f\u00e9r\u00e9e \u00e0 votre syst\u00e8me musical. Avec une large prise en charge de nos applications de streaming musical telles qu&rsquo;Apple Music, Spotify et Tidal, la connexion \u00e0 votre haut-parleur n&rsquo;a jamais \u00e9t\u00e9 aussi simple. B&#038;O propose [&hellip;]","og_url":"https:\/\/audiocentre.ca\/fr\/haut-parleurs-airplay\/","og_site_name":"Audiocentre","article_modified_time":"2024-08-24T05:03:23+00:00","twitter_card":"summary_large_image","twitter_misc":{"Dur\u00e9e de lecture estim\u00e9e":"1 minute"},"schema":{"@context":"https:\/\/schema.org","@graph":[{"@type":"WebPage","@id":"https:\/\/audiocentre.ca\/fr\/haut-parleurs-airplay\/","url":"https:\/\/audiocentre.ca\/fr\/haut-parleurs-airplay\/","name":"Haut-parleurs Airplay - Audiocentre","isPartOf":{"@id":"https:\/\/audiocentre.ca\/fr\/#website"},"datePublished":"2024-02-13T18:19:15+00:00","dateModified":"2024-08-24T05:03:23+00:00","breadcrumb":{"@id":"https:\/\/audiocentre.ca\/fr\/haut-parleurs-airplay\/#breadcrumb"},"inLanguage":"fr-FR","potentialAction":[{"@type":"ReadAction","target":["https:\/\/audiocentre.ca\/fr\/haut-parleurs-airplay\/"]}]},{"@type":"BreadcrumbList","@id":"https:\/\/audiocentre.ca\/fr\/haut-parleurs-airplay\/#breadcrumb","itemListElement":[{"@type":"ListItem","position":1,"name":"Home","item":"https:\/\/audiocentre.ca\/fr\/"},{"@type":"ListItem","position":2,"name":"Haut-parleurs Airplay"}]},{"@type":"WebSite","@id":"https:\/\/audiocentre.ca\/fr\/#website","url":"https:\/\/audiocentre.ca\/fr\/","name":"Audiocentre","description":"","publisher":{"@id":"https:\/\/audiocentre.ca\/fr\/#organization"},"potentialAction":[{"@type":"SearchAction","target":{"@type":"EntryPoint","urlTemplate":"https:\/\/audiocentre.ca\/fr\/?s={search_term_string}"},"query-input":{"@type":"PropertyValueSpecification","valueRequired":true,"valueName":"search_term_string"}}],"inLanguage":"fr-FR"},{"@type":"Organization","@id":"https:\/\/audiocentre.ca\/fr\/#organization","name":"Audiocentre","url":"https:\/\/audiocentre.ca\/fr\/","logo":{"@type":"ImageObject","inLanguage":"fr-FR","@id":"https:\/\/audiocentre.ca\/fr\/#\/schema\/logo\/image\/","url":"https:\/\/audiocentre.ca\/wp-content\/uploads\/2024\/02\/Footer-Logo.png","contentUrl":"https:\/\/audiocentre.ca\/wp-content\/uploads\/2024\/02\/Footer-Logo.png","width":360,"height":80,"caption":"Audiocentre"},"image":{"@id":"https:\/\/audiocentre.ca\/fr\/#\/schema\/logo\/image\/"}}]}},"_links":{"self":[{"href":"https:\/\/audiocentre.ca\/fr\/wp-json\/wp\/v2\/pages\/1569","targetHints":{"allow":["GET"]}}],"collection":[{"href":"https:\/\/audiocentre.ca\/fr\/wp-json\/wp\/v2\/pages"}],"about":[{"href":"https:\/\/audiocentre.ca\/fr\/wp-json\/wp\/v2\/types\/page"}],"author":[{"embeddable":true,"href":"https:\/\/audiocentre.ca\/fr\/wp-json\/wp\/v2\/users\/1"}],"replies":[{"embeddable":true,"href":"https:\/\/audiocentre.ca\/fr\/wp-json\/wp\/v2\/comments?post=1569"}],"version-history":[{"count":4,"href":"https:\/\/audiocentre.ca\/fr\/wp-json\/wp\/v2\/pages\/1569\/revisions"}],"predecessor-version":[{"id":1851,"href":"https:\/\/audiocentre.ca\/fr\/wp-json\/wp\/v2\/pages\/1569\/revisions\/1851"}],"wp:attachment":[{"href":"https:\/\/audiocentre.ca\/fr\/wp-json\/wp\/v2\/media?parent=1569"}],"curies":[{"name":"wp","href":"https:\/\/api.w.org\/{rel}","templated":true}]}}